{"id":4386,"date":"2019-02-01T22:20:58","date_gmt":"2019-02-01T22:20:58","guid":{"rendered":"http:\/\/1000et1reves.fr\/?page_id=4386"},"modified":"2025-03-25T21:18:57","modified_gmt":"2025-03-25T21:18:57","slug":"decoration","status":"publish","type":"page","link":"https:\/\/www.1000et1reves.fr\/?page_id=4386","title":{"rendered":"D\u00e9coration"},"content":{"rendered":"<p>[vc_row content_width=\u00a0\u00bbgrid\u00a0\u00bb css=\u00a0\u00bb.vc_custom_1742937336306{padding-top: 100px !important;padding-right: 67px !important;padding-bottom: 67px !important;padding-left: 67px !important;}\u00a0\u00bb][vc_column css=\u00a0\u00bb.vc_custom_1549364215003{padding-right: 30px !important;padding-left: 30px !important;}\u00a0\u00bb][vc_column_text]<\/p>\n<h2 style=\"text-align: center;\">Une d\u00e9coration qui sublime votre mariage<\/h2>\n<p>[\/vc_column_text][vc_empty_space height=\u00a0\u00bb12px\u00a0\u00bb][vc_column_text]<\/p>\n<p style=\"text-align: center;\">La d\u00e9coration est l\u2019une des pr\u00e9occupations principales lors des pr\u00e9paratifs de mariage. Confier cette t\u00e2che \u00e0 votre wedding designer vous permet de conserver tous les aspects agr\u00e9ables de votre d\u00e9coration sans se soucier des contraintes de celle-ci !<\/p>\n<p style=\"text-align: center;\">Votre wedding designer est la cr\u00e9atrice de l&rsquo;ambiance visuelle de votre mariage. Elle saura cr\u00e9er avec vous votre univers d\u00e9co \u00e0 votre image pour avoir le mariage qui vous ressemble, en concordance avec vos souhaits en termes de couleurs, d&rsquo;ambiance ou de th\u00e8me. Vous n&rsquo;avez plus qu&rsquo;\u00e0 laisser libre court \u00e0 vos envies et vos id\u00e9es afin que la d\u00e9coration de vos r\u00eaves devienne tout simplement une r\u00e9alit\u00e9.<\/p>\n<p style=\"text-align: center;\">Votre wedding designer vous guidera et vous conseillera dans vos choix de d\u00e9coration en s&rsquo;adaptant aux contraintes du lieu de r\u00e9ception, \u00e0 ses espaces, \u00e0 vos envies et surtout \u00e0 votre budget.<\/p>\n<p>[\/vc_column_text][vc_empty_space height=\u00a0\u00bb42px\u00a0\u00bb][\/vc_column][\/vc_row][vc_row content_width=\u00a0\u00bbgrid\u00a0\u00bb css=\u00a0\u00bb.vc_custom_1742834280671{padding-top: 0px !important;padding-right: 67px !important;padding-bottom: 130px !important;padding-left: 67px !important;background-position: 0 0 !important;background-repeat: no-repeat !important;}\u00a0\u00bb][vc_column]<div class=\"qodef-service-tables clearfix qodef-three-columns dark\"><div class=\"qodef-service-table\">\n\t<div class=\"qodef-service-table-inner\">\n\t\t<ul>\n            <li class=\"qodef-table-title\" style=\"background-image: url(https:\/\/www.1000et1reves.fr\/wp-content\/uploads\/2023\/02\/services-table-1.jpg)\">\n                <span class=\"qodef-title-content\">SC\u00c9NO ``ESSENTIELLE``<\/span>\n            <\/li>\n\t\t\t<li class=\"qodef-table-content\">\n\t\t\t\t\n<ul>\n<li>Rendez-vous autour de vos envies et besoins d\u00e9coration<\/li>\n<li>Visite du lieu de r\u00e9ception<\/li>\n<li>M\u00e9trage et r\u00e9alisation du plan de la salle<\/li>\n<li>D\u00e9finitions des espaces et leurs mises en valeurs<\/li>\n<li>Cr\u00e9ation du moodboard (fiche inspiration)<\/li>\n<li>R\u00e9alisation de croquis<\/li>\n<li>Etablissement de la liste \u00ab shopping \u00bb achat ou location<\/li>\n<li>Recherche des \u00e9l\u00e9ments de d\u00e9coration<\/li>\n<li>1 \u00e0 3 rendez-vous d\u00e9coration (selon vos besoins et l\u2019avanc\u00e9e de la d\u00e9coration)<\/li>\n<\/ul>\n\t\t\t<\/li>\n\t\t\t\t\t\t\t<li class=\"qodef-service-button\">\n\t\t\t\t\t<a itemprop=\"url\" href=\"https:\/\/www.1000et1reves.fr\/?page_id=1295\" target=\"_self\"  class=\"qodef-btn qodef-btn-medium qodef-btn-outline\"  >    <span class=\"qodef-btn-text\">CONTACT<\/span>    <\/a>\t\t\t\t<\/li>\t\t\t\t\n\t\t\t\t\t<\/ul>\n\t<\/div>\n<\/div><div class=\"qodef-service-table\">\n\t<div class=\"qodef-service-table-inner\">\n\t\t<ul>\n            <li class=\"qodef-table-title\" style=\"background-image: url(https:\/\/www.1000et1reves.fr\/wp-content\/uploads\/2023\/02\/services-table-2.jpg)\">\n                <span class=\"qodef-title-content\">SC\u00c9NOGRAPHIE ``PLAISIR``<\/span>\n            <\/li>\n\t\t\t<li class=\"qodef-table-content\">\n\t\t\t\t\n<ul>\n<li>Rendez-vous d\u00e9couverte<\/li>\n<li>Mise en place de la salle de votre d\u00e9coration<\/li>\n<li>Habillage des chaises<\/li>\n<li>Nappage des tables et\/ou chemin de table<\/li>\n<li>Dressage de la vaisselle<\/li>\n<li>D\u00e9coration des tables<\/li>\n<li>Mise en place de la d\u00e9coration mobile de la salle<\/li>\n<li>Accrochage du d\u00e9cor des plafonds<\/li>\n<\/ul>\n\t\t\t<\/li>\n\t\t\t\t\t\t\t<li class=\"qodef-service-button\">\n\t\t\t\t\t<a itemprop=\"url\" href=\"https:\/\/www.1000et1reves.fr\/?page_id=1295\" target=\"_self\"  class=\"qodef-btn qodef-btn-medium qodef-btn-outline\"  >    <span class=\"qodef-btn-text\">CONTACT<\/span>    <\/a>\t\t\t\t<\/li>\t\t\t\t\n\t\t\t\t\t<\/ul>\n\t<\/div>\n<\/div><div class=\"qodef-service-table\">\n\t<div class=\"qodef-service-table-inner\">\n\t\t<ul>\n            <li class=\"qodef-table-title\" style=\"background-image: url(https:\/\/www.1000et1reves.fr\/wp-content\/uploads\/2023\/02\/services-table-3.jpg)\">\n                <span class=\"qodef-title-content\">SC\u00c9NOGRAPHIE ``PRESTIGE``<\/span>\n            <\/li>\n\t\t\t<li class=\"qodef-table-content\">\n\t\t\t\t\n<ul>\n<li>Rendez-vous autour de vos envies et besoins d\u00e9coration<\/li>\n<li>Visite du lieu de r\u00e9ception<\/li>\n<li>M\u00e9trage et r\u00e9alisation du plan de la salle<\/li>\n<li>D\u00e9finitions des espaces et leurs mises en valeurs<\/li>\n<li>Cr\u00e9ation du moodboard (fiche inspiration)<\/li>\n<li>R\u00e9alisation de croquis<\/li>\n<li>Etablissement de la liste \u00ab shopping \u00bb achat ou location<\/li>\n<li>Recherche des \u00e9l\u00e9ments de d\u00e9coration<\/li>\n<li>1 \u00e0 3 rendez-vous d\u00e9coration (selon vos besoins et l\u2019avanc\u00e9e de la d\u00e9coration)<\/li>\n<li>Mise en place de la salle de votre d\u00e9coration<\/li>\n<li>Habillage des chaises<\/li>\n<li>Nappage des tables et\/ou chemin de table<\/li>\n<li>Dressage de la vaisselle<\/li>\n<li>D\u00e9coration des tables<\/li>\n<li>Mise en place de la d\u00e9coration mobile de la salle<\/li>\n<li>Accrochage du d\u00e9cor de vos plafonds<\/li>\n<\/ul>\n\t\t\t<\/li>\n\t\t\t\t\t\t\t<li class=\"qodef-service-button\">\n\t\t\t\t\t<a itemprop=\"url\" href=\"https:\/\/www.1000et1reves.fr\/?page_id=1295\" target=\"_self\"  class=\"qodef-btn qodef-btn-medium qodef-btn-outline\"  >    <span class=\"qodef-btn-text\">CONTACT<\/span>    <\/a>\t\t\t\t<\/li>\t\t\t\t\n\t\t\t\t\t<\/ul>\n\t<\/div>\n<\/div><\/div>[\/vc_column][\/vc_row][vc_row content_width=\u00a0\u00bbgrid\u00a0\u00bb css=\u00a0\u00bb.vc_custom_1742836797876{background-color: #f3ddcf !important;}\u00a0\u00bb][vc_column width=\u00a0\u00bb1\/2&Prime;][vc_empty_space height=\u00a0\u00bb120px\u00a0\u00bb][vc_single_image image=\u00a0\u00bb4458&Prime;][vc_empty_space][vc_column_text css=\u00a0\u00bb.vc_custom_1742834334821{padding-bottom: 28px !important;}\u00a0\u00bb]<\/p>\n<h3 style=\"text-align: left;\">OPTIONS SUR DEVIS<\/h3>\n<p>[\/vc_column_text]<div class=\"qodef-icon-list-item\">\n    <div class=\"qodef-icon-list-icon-holder\">\n        <div class=\"qodef-icon-list-icon-holder-inner clearfix\">\n\t\t\t<i class=\"qodef-icon-font-awesome fa fa-sign-out \" style=\"color:#ffffff\" ><\/i>        <\/div>\n    <\/div>\n    <p class=\"qodef-icon-list-text\"  > Location de mat\u00e9riel et d\u00e9coration de Mille et un R\u00eaves<\/p>\n<\/div><div class=\"qodef-icon-list-item\">\n    <div class=\"qodef-icon-list-icon-holder\">\n        <div class=\"qodef-icon-list-icon-holder-inner clearfix\">\n\t\t\t<i class=\"qodef-icon-font-awesome fa fa-sign-out \" style=\"color:#ffffff\" ><\/i>        <\/div>\n    <\/div>\n    <p class=\"qodef-icon-list-text\"  > D\u00e9coration de c\u00e9r\u00e9monie religieuse<\/p>\n<\/div><div class=\"qodef-icon-list-item\">\n    <div class=\"qodef-icon-list-icon-holder\">\n        <div class=\"qodef-icon-list-icon-holder-inner clearfix\">\n\t\t\t<i class=\"qodef-icon-font-awesome fa fa-sign-out \" style=\"color:#ffffff\" ><\/i>        <\/div>\n    <\/div>\n    <p class=\"qodef-icon-list-text\"  > D\u00e9coration de c\u00e9r\u00e9monie la\u00efque<\/p>\n<\/div>[\/vc_column][vc_column width=\u00a0\u00bb1\/2&Prime;][vc_single_image image=\u00a0\u00bb5413&Prime; img_size=\u00a0\u00bb500&#215;600&Prime;][\/vc_column][\/vc_row][vc_row][vc_column][\/vc_column][\/vc_row][vc_row][vc_column][vc_column_text]<\/p>\n<p>[\/vc_column_text][\/vc_column][\/vc_row]<\/p>\n","protected":false},"excerpt":{"rendered":"<p>[vc_row content_width=\u00a0\u00bbgrid\u00a0\u00bb css=\u00a0\u00bb.vc_custom_1742937336306{padding-top: 100px !important;padding-right: 67px !important;padding-bottom: 67px !important;padding-left: 67px !important;}\u00a0\u00bb][vc_column css=\u00a0\u00bb.vc_custom_1549364215003{padding-right: 30px !important;padding-left: 30px !important;}\u00a0\u00bb][vc_column_text] Une d\u00e9coration qui sublime votre mariage [\/vc_column_text][vc_empty_space height=\u00a0\u00bb12px\u00a0\u00bb][vc_column_text] La d\u00e9coration est l\u2019une des pr\u00e9occupations principales lors des pr\u00e9paratifs de mariage. Confier cette t\u00e2che \u00e0 votre wedding designer vous permet de conserver tous les aspects agr\u00e9ables de votre d\u00e9coration sans se soucier des contraintes de celle-ci ! Votre wedding designer est la cr\u00e9atrice de l&rsquo;ambiance visuelle de votre mariage. Elle saura cr\u00e9er avec vous votre univers d\u00e9co \u00e0 votre image pour avoir le mariage qui&#8230;<\/p>\n","protected":false},"author":1,"featured_media":0,"parent":0,"menu_order":0,"comment_status":"closed","ping_status":"closed","template":"full-width.php","meta":{"footnotes":""},"class_list":["post-4386","page","type-page","status-publish","hentry"],"_links":{"self":[{"href":"https:\/\/www.1000et1reves.fr\/index.php?rest_route=\/wp\/v2\/pages\/4386","targetHints":{"allow":["GET"]}}],"collection":[{"href":"https:\/\/www.1000et1reves.fr\/index.php?rest_route=\/wp\/v2\/pages"}],"about":[{"href":"https:\/\/www.1000et1reves.fr\/index.php?rest_route=\/wp\/v2\/types\/page"}],"author":[{"embeddable":true,"href":"https:\/\/www.1000et1reves.fr\/index.php?rest_route=\/wp\/v2\/users\/1"}],"replies":[{"embeddable":true,"href":"https:\/\/www.1000et1reves.fr\/index.php?rest_route=%2Fwp%2Fv2%2Fcomments&post=4386"}],"version-history":[{"count":135,"href":"https:\/\/www.1000et1reves.fr\/index.php?rest_route=\/wp\/v2\/pages\/4386\/revisions"}],"predecessor-version":[{"id":5676,"href":"https:\/\/www.1000et1reves.fr\/index.php?rest_route=\/wp\/v2\/pages\/4386\/revisions\/5676"}],"wp:attachment":[{"href":"https:\/\/www.1000et1reves.fr\/index.php?rest_route=%2Fwp%2Fv2%2Fmedia&parent=4386"}],"curies":[{"name":"wp","href":"https:\/\/api.w.org\/{rel}","templated":true}]}}