{"id":4384,"date":"2019-02-01T22:20:47","date_gmt":"2019-02-01T22:20:47","guid":{"rendered":"http:\/\/1000et1reves.fr\/?page_id=4384"},"modified":"2025-03-26T17:49:32","modified_gmt":"2025-03-26T17:49:32","slug":"organisation","status":"publish","type":"page","link":"https:\/\/www.1000et1reves.fr\/?page_id=4384","title":{"rendered":"Organisation"},"content":{"rendered":"<p>[vc_row content_width=\u00a0\u00bbgrid\u00a0\u00bb css=\u00a0\u00bb.vc_custom_1742937210969{padding-top: 100px !important;padding-right: 67px !important;padding-bottom: 67px !important;padding-left: 67px !important;}\u00a0\u00bb][vc_column][vc_column_text]<\/p>\n<h2 style=\"text-align: center;\">Parce que chaque d\u00e9tail compte<\/h2>\n<p>[\/vc_column_text][vc_empty_space height=\u00a0\u00bb12px\u00a0\u00bb][vc_column_text]<\/p>\n<p style=\"text-align: center;\">Mille et un r\u00eaves s\u2019adapte \u00e0 vos besoins, vos envies et votre budget. Soyez serein, vous ne serez plus seuls dans les pr\u00e9paratifs de votre grand jour !<\/p>\n<p>[\/vc_column_text][vc_empty_space height=\u00a0\u00bb42px\u00a0\u00bb]<div class=\"qodef-service-tables clearfix qodef-three-columns dark\"><div class=\"qodef-service-table\">\n\t<div class=\"qodef-service-table-inner\">\n\t\t<ul>\n            <li class=\"qodef-table-title\" style=\"background-image: url(https:\/\/www.1000et1reves.fr\/wp-content\/uploads\/2023\/02\/services-table-1.jpg)\">\n                <span class=\"qodef-title-content\">``COUP DE POUCE``<\/span>\n            <\/li>\n\t\t\t<li class=\"qodef-table-content\">\n\t\t\t\t\n<ul>\n<li>Rendez-vous d\u00e9couverte<\/li>\n<li>Rendez-vous de suivit avec d\u00e9briefing<\/li>\n<li>Recherche de partenaires et du lieu<\/li>\n<li>Visites de lieux<\/li>\n<li>Cr\u00e9ation des plannings de l\u2019organisation et du jour J<\/li>\n<li>Etablissement du budget<\/li>\n<\/ul>\n\t\t\t<\/li>\n\t\t\t\t\t\t\t<li class=\"qodef-service-button\">\n\t\t\t\t\t<a itemprop=\"url\" href=\"https:\/\/www.1000et1reves.fr\/?page_id=1295\" target=\"_self\"  class=\"qodef-btn qodef-btn-medium qodef-btn-outline\"  >    <span class=\"qodef-btn-text\">CONTACT<\/span>    <\/a>\t\t\t\t<\/li>\t\t\t\t\n\t\t\t\t\t<\/ul>\n\t<\/div>\n<\/div><div class=\"qodef-service-table\">\n\t<div class=\"qodef-service-table-inner\">\n\t\t<ul>\n            <li class=\"qodef-table-title\" style=\"background-image: url(https:\/\/www.1000et1reves.fr\/wp-content\/uploads\/2023\/02\/services-table-2.jpg)\">\n                <span class=\"qodef-title-content\">FORMULE ``JOUR J``<\/span>\n            <\/li>\n\t\t\t<li class=\"qodef-table-content\">\n\t\t\t\t\n<h3><\/h3>\n<ul>\n<li>Rendez-vous d\u00e9couverte<\/li>\n<li>Rendez-vous de suivit avec d\u00e9briefing<\/li>\n<li>Recherche de partenaires et du lieu<\/li>\n<li>Visites de lieux<\/li>\n<li>Cr\u00e9ation des plannings de l\u2019organisation et du jour J<\/li>\n<li>Etablissement du budget<\/li>\n<li>Pr\u00e9sence jour J<\/li>\n<li>Accueil et gestion des prestataires<\/li>\n<li>Accueil des invit\u00e9s<\/li>\n<\/ul>\n\t\t\t<\/li>\n\t\t\t\t\t\t\t<li class=\"qodef-service-button\">\n\t\t\t\t\t<a itemprop=\"url\" href=\"https:\/\/www.1000et1reves.fr\/?page_id=1295\" target=\"_self\"  class=\"qodef-btn qodef-btn-medium qodef-btn-outline\"  >    <span class=\"qodef-btn-text\">CONTACT<\/span>    <\/a>\t\t\t\t<\/li>\t\t\t\t\n\t\t\t\t\t<\/ul>\n\t<\/div>\n<\/div><div class=\"qodef-service-table\">\n\t<div class=\"qodef-service-table-inner\">\n\t\t<ul>\n            <li class=\"qodef-table-title\" style=\"background-image: url(https:\/\/www.1000et1reves.fr\/wp-content\/uploads\/2023\/02\/services-table-3.jpg)\">\n                <span class=\"qodef-title-content\">FORMULE ``S\u00c9R\u00c9NIT\u00c9``<\/span>\n            <\/li>\n\t\t\t<li class=\"qodef-table-content\">\n\t\t\t\t\n<ul>\n<li>Rendez-vous d\u00e9couverte<\/li>\n<li>Rendez-vous de suivit avec d\u00e9briefing<\/li>\n<li>Cr\u00e9ation du planning de l\u2019organisation et son suivit<\/li>\n<li>Cr\u00e9ation des plannings du jour J<\/li>\n<li>Etablissement du budget et son suivit<\/li>\n<li>Conseils sur le choix du th\u00e8me<\/li>\n<li>Recherche de partenaires et accompagnement aux rendez-vous<\/li>\n<li>Recherche du lieu et visites illimit\u00e9s<\/li>\n<li>Suivi des invit\u00e9s<\/li>\n<li>Etablissement du budget et sa maitrise<\/li>\n<li>Gestion et conseil sur les d\u00e9marches administratives et c\u00e9r\u00e9moniale<\/li>\n<li>Pr\u00e9sence jour J<\/li>\n<li>Accueil et gestion des prestataires<\/li>\n<li>Accueil des invit\u00e9s<\/li>\n<li>Choix et conseils sur les animations<\/li>\n<\/ul>\n\t\t\t<\/li>\n\t\t\t\t\t\t\t<li class=\"qodef-service-button\">\n\t\t\t\t\t<a itemprop=\"url\" href=\"https:\/\/www.1000et1reves.fr\/?page_id=1295\" target=\"_self\"  class=\"qodef-btn qodef-btn-medium qodef-btn-outline\"  >    <span class=\"qodef-btn-text\">CONTACT<\/span>    <\/a>\t\t\t\t<\/li>\t\t\t\t\n\t\t\t\t\t<\/ul>\n\t<\/div>\n<\/div><\/div>[\/vc_column][\/vc_row][vc_row css=\u00a0\u00bb.vc_custom_1742826996249{padding-top: 100px !important;padding-bottom: 120px !important;}\u00a0\u00bb][vc_column][vc_single_image image=\u00a0\u00bb886&Prime; img_size=\u00a0\u00bbfull\u00a0\u00bb alignment=\u00a0\u00bbcenter\u00a0\u00bb css_animation=\u00a0\u00bbnone\u00a0\u00bb][vc_empty_space height=\u00a0\u00bb67px\u00a0\u00bb][vc_column_text]<\/p>\n<h2 style=\"text-align: center;\">Options sur devis<\/h2>\n<p>[\/vc_column_text][\/vc_column][\/vc_row][vc_row content_width=\u00a0\u00bbgrid\u00a0\u00bb css=\u00a0\u00bb.vc_custom_1743011368257{padding-bottom: 130px !important;}\u00a0\u00bb][vc_column width=\u00a0\u00bb1\/2&Prime;]<div class=\"qodef-icon-list-item\">\n    <div class=\"qodef-icon-list-icon-holder\">\n        <div class=\"qodef-icon-list-icon-holder-inner clearfix\">\n\t\t\t<i class=\"qodef-icon-font-awesome fa fa-sign-out \" style=\"\" ><\/i>        <\/div>\n    <\/div>\n    <p class=\"qodef-icon-list-text\"  > Cr\u00e9ation papeterie : save the date, faire part, marque place, remerciement, livre d\u2019or<\/p>\n<\/div><div class=\"qodef-icon-list-item\">\n    <div class=\"qodef-icon-list-icon-holder\">\n        <div class=\"qodef-icon-list-icon-holder-inner clearfix\">\n\t\t\t<i class=\"qodef-icon-font-awesome fa fa-sign-out \" style=\"\" ><\/i>        <\/div>\n    <\/div>\n    <p class=\"qodef-icon-list-text\"  > Cr\u00e9ation bonbonni\u00e8res<\/p>\n<\/div><div class=\"qodef-icon-list-item\">\n    <div class=\"qodef-icon-list-icon-holder\">\n        <div class=\"qodef-icon-list-icon-holder-inner clearfix\">\n\t\t\t<i class=\"qodef-icon-font-awesome fa fa-sign-out \" style=\"\" ><\/i>        <\/div>\n    <\/div>\n    <p class=\"qodef-icon-list-text\"  > Organisation enterrement vie de jeune fille et\/ou gar\u00e7on<\/p>\n<\/div><div class=\"qodef-icon-list-item\">\n    <div class=\"qodef-icon-list-icon-holder\">\n        <div class=\"qodef-icon-list-icon-holder-inner clearfix\">\n\t\t\t<i class=\"qodef-icon-font-awesome fa fa-sign-out \" style=\"\" ><\/i>        <\/div>\n    <\/div>\n    <p class=\"qodef-icon-list-text\"  > Gestion des invit\u00e9s de longue distance (transport, h\u00e9bergement\u2026)<\/p>\n<\/div>[\/vc_column][vc_column width=\u00a0\u00bb1\/2&Prime;]<div class=\"qodef-icon-list-item\">\n    <div class=\"qodef-icon-list-icon-holder\">\n        <div class=\"qodef-icon-list-icon-holder-inner clearfix\">\n\t\t\t<i class=\"qodef-icon-font-awesome fa fa-sign-out \" style=\"\" ><\/i>        <\/div>\n    <\/div>\n    <p class=\"qodef-icon-list-text\"  > Gestion des h\u00e9bergements du jour J<\/p>\n<\/div><div class=\"qodef-icon-list-item\">\n    <div class=\"qodef-icon-list-icon-holder\">\n        <div class=\"qodef-icon-list-icon-holder-inner clearfix\">\n\t\t\t<i class=\"qodef-icon-font-awesome fa fa-sign-out \" style=\"\" ><\/i>        <\/div>\n    <\/div>\n    <p class=\"qodef-icon-list-text\"  > Location de mat\u00e9riel et d\u00e9coration de Mille et un r\u00eaves<\/p>\n<\/div><div class=\"qodef-icon-list-item\">\n    <div class=\"qodef-icon-list-icon-holder\">\n        <div class=\"qodef-icon-list-icon-holder-inner clearfix\">\n\t\t\t<i class=\"qodef-icon-font-awesome fa fa-sign-out \" style=\"\" ><\/i>        <\/div>\n    <\/div>\n    <p class=\"qodef-icon-list-text\"  > Remise des cl\u00e9s des diff\u00e9rentes structures<\/p>\n<\/div><div class=\"qodef-icon-list-item\">\n    <div class=\"qodef-icon-list-icon-holder\">\n        <div class=\"qodef-icon-list-icon-holder-inner clearfix\">\n\t\t\t<i class=\"qodef-icon-font-awesome fa fa-sign-out \" style=\"\" ><\/i>        <\/div>\n    <\/div>\n    <p class=\"qodef-icon-list-text\"  > Cr\u00e9ation site internet d\u00e9di\u00e9 (liste de mariage, faire part, souvenir et remerciement)<\/p>\n<\/div>[\/vc_column][\/vc_row]<\/p>\n","protected":false},"excerpt":{"rendered":"<p>[vc_row content_width=\u00a0\u00bbgrid\u00a0\u00bb css=\u00a0\u00bb.vc_custom_1742937210969{padding-top: 100px !important;padding-right: 67px !important;padding-bottom: 67px !important;padding-left: 67px !important;}\u00a0\u00bb][vc_column][vc_column_text] Parce que chaque d\u00e9tail compte [\/vc_column_text][vc_empty_space height=\u00a0\u00bb12px\u00a0\u00bb][vc_column_text] Mille et un r\u00eaves s\u2019adapte \u00e0 vos besoins, vos envies et votre budget. Soyez serein, vous ne serez plus seuls dans les pr\u00e9paratifs de votre grand jour ! [\/vc_column_text][vc_empty_space height=\u00a0\u00bb42px\u00a0\u00bb][\/vc_column][\/vc_row][vc_row css=\u00a0\u00bb.vc_custom_1742826996249{padding-top: 100px !important;padding-bottom: 120px !important;}\u00a0\u00bb][vc_column][vc_single_image image=\u00a0\u00bb886&Prime; img_size=\u00a0\u00bbfull\u00a0\u00bb alignment=\u00a0\u00bbcenter\u00a0\u00bb css_animation=\u00a0\u00bbnone\u00a0\u00bb][vc_empty_space height=\u00a0\u00bb67px\u00a0\u00bb][vc_column_text] Options sur devis [\/vc_column_text][\/vc_column][\/vc_row][vc_row content_width=\u00a0\u00bbgrid\u00a0\u00bb css=\u00a0\u00bb.vc_custom_1743011368257{padding-bottom: 130px !important;}\u00a0\u00bb][vc_column width=\u00a0\u00bb1\/2&Prime;][\/vc_column][vc_column width=\u00a0\u00bb1\/2&Prime;][\/vc_column][\/vc_row]<\/p>\n","protected":false},"author":1,"featured_media":0,"parent":0,"menu_order":0,"comment_status":"closed","ping_status":"closed","template":"full-width.php","meta":{"footnotes":""},"class_list":["post-4384","page","type-page","status-publish","hentry"],"_links":{"self":[{"href":"https:\/\/www.1000et1reves.fr\/index.php?rest_route=\/wp\/v2\/pages\/4384","targetHints":{"allow":["GET"]}}],"collection":[{"href":"https:\/\/www.1000et1reves.fr\/index.php?rest_route=\/wp\/v2\/pages"}],"about":[{"href":"https:\/\/www.1000et1reves.fr\/index.php?rest_route=\/wp\/v2\/types\/page"}],"author":[{"embeddable":true,"href":"https:\/\/www.1000et1reves.fr\/index.php?rest_route=\/wp\/v2\/users\/1"}],"replies":[{"embeddable":true,"href":"https:\/\/www.1000et1reves.fr\/index.php?rest_route=%2Fwp%2Fv2%2Fcomments&post=4384"}],"version-history":[{"count":117,"href":"https:\/\/www.1000et1reves.fr\/index.php?rest_route=\/wp\/v2\/pages\/4384\/revisions"}],"predecessor-version":[{"id":5682,"href":"https:\/\/www.1000et1reves.fr\/index.php?rest_route=\/wp\/v2\/pages\/4384\/revisions\/5682"}],"wp:attachment":[{"href":"https:\/\/www.1000et1reves.fr\/index.php?rest_route=%2Fwp%2Fv2%2Fmedia&parent=4384"}],"curies":[{"name":"wp","href":"https:\/\/api.w.org\/{rel}","templated":true}]}}