{"id":1295,"date":"2016-06-09T08:39:26","date_gmt":"2016-06-09T08:39:26","guid":{"rendered":"http:\/\/moments.select-themes.com\/?page_id=1295"},"modified":"2025-03-25T21:45:20","modified_gmt":"2025-03-25T21:45:20","slug":"contacts","status":"publish","type":"page","link":"https:\/\/www.1000et1reves.fr\/?page_id=1295","title":{"rendered":"Contacts"},"content":{"rendered":"<p>[vc_row content_width=\u00a0\u00bbgrid\u00a0\u00bb css=\u00a0\u00bb.vc_custom_1742938928175{border-bottom-width: 32px !important;padding-top: 100px !important;padding-right: 67px !important;padding-left: 67px !important;}\u00a0\u00bb][vc_column][vc_column_text]<\/p>\n<div class=\"vc_row wpb_row vc_row-fluid qodef-section vc_custom_1742935095962 qodef-content-aligment-center\">\n<div class=\"clearfix qodef-full-section-inner\">\n<div class=\"wpb_column vc_column_container vc_col-sm-12\">\n<div class=\"vc_column-inner\">\n<div class=\"wpb_wrapper\">\n<div class=\"wpb_text_column wpb_content_element \">\n<div class=\"wpb_wrapper\">\n<h2 style=\"text-align: center;\">Parlons de votre \u00e9v\u00e9nement !<\/h2>\n<\/div>\n<\/div>\n<div class=\"wpb_text_column wpb_content_element \">\n<div class=\"wpb_wrapper\">\n<p style=\"text-align: center;\">Que ce soit pour une organisation compl\u00e8te, une coordination le jour J ou simplement une d\u00e9coration, fa\u00eetes-moi part de vos r\u00eaves, je les r\u00e9aliserai.<\/p>\n<\/div>\n<\/div>\n<\/div>\n<\/div>\n<\/div>\n<\/div>\n<\/div>\n<p>[\/vc_column_text][\/vc_column][\/vc_row][vc_row content_width=\u00a0\u00bbgrid\u00a0\u00bb content_aligment=\u00a0\u00bbcenter\u00a0\u00bb css=\u00a0\u00bb.vc_custom_1575886146117{padding-top: 64px !important;padding-bottom: 70px !important;}\u00a0\u00bb][vc_column width=\u00a0\u00bb1\/2&Prime;][vc_column_text]<\/p>\n<h6>Mille et un r\u00eaves<\/h6>\n<p>[\/vc_column_text][vc_empty_space height=\u00a0\u00bb5px\u00a0\u00bb][vc_column_text]11, rue de Froidefontaine<br \/>\n90600 Grandvillars[\/vc_column_text][vc_empty_space height=\u00a0\u00bb30px\u00a0\u00bb]\n    <span class=\"qodef-icon-shortcode normal qodef-icon-tiny\"  data-color=\"#444444\">\n        \n        <i class=\"qodef-icon-font-awesome fa fa-phone qodef-icon-element\" style=\"color: #444444\" ><\/i>\n            <\/span>\n\n[vc_column_text]06.58.92.07.45[\/vc_column_text][vc_empty_space height=\u00a0\u00bb30px\u00a0\u00bb]\n    <span class=\"qodef-icon-shortcode normal qodef-icon-tiny\"  >\n                    <a itemprop=\"url\" class=\"\"  href=\"mailto:contact@1000et1reves.fr\" target=\"_self\">\n        \n        <i class=\"qodef-icon-font-awesome fa fa-envelope-open qodef-icon-element\" style=\"\" ><\/i>\n                    <\/a>\n            <\/span>\n\n[vc_column_text]<a href=\"mailto:contact@1000et1reves.fr\">contact@1000et1reves.fr<\/a>[\/vc_column_text][vc_empty_space height=\u00a0\u00bb30px\u00a0\u00bb]\n    <span class=\"qodef-icon-shortcode normal qodef-icon-tiny\"  >\n                    <a itemprop=\"url\" class=\"\"  href=\"https:\/\/www.facebook.com\/1000et1reves\" target=\"_self\">\n        \n        <i class=\"qodef-icon-font-awesome fa fa-facebook qodef-icon-element\" style=\"\" ><\/i>\n                    <\/a>\n            <\/span>\n\n[vc_column_text]<a href=\"https:\/\/www.facebook.com\/1000et1reves\">https:\/\/www.facebook.com\/1000et1reves<\/a>[\/vc_column_text][\/vc_column][vc_column width=\u00a0\u00bb1\/2&Prime;]\n<div class=\"wpcf7 no-js\" id=\"wpcf7-f5212-o1\" lang=\"fr-FR\" dir=\"ltr\" data-wpcf7-id=\"5212\">\n<div class=\"screen-reader-response\"><p role=\"status\" aria-live=\"polite\" aria-atomic=\"true\"><\/p> <ul><\/ul><\/div>\n<form action=\"\/index.php?rest_route=%2Fwp%2Fv2%2Fpages%2F1295#wpcf7-f5212-o1\" method=\"post\" class=\"wpcf7-form init cf7_custom_style_1\" aria-label=\"Formulaire de contact\" novalidate=\"novalidate\" data-status=\"init\">\n<div style=\"display: none;\">\n<input type=\"hidden\" name=\"_wpcf7\" value=\"5212\" \/>\n<input type=\"hidden\" name=\"_wpcf7_version\" value=\"6.0\" \/>\n<input type=\"hidden\" name=\"_wpcf7_locale\" value=\"fr_FR\" \/>\n<input type=\"hidden\" name=\"_wpcf7_unit_tag\" value=\"wpcf7-f5212-o1\" \/>\n<input type=\"hidden\" name=\"_wpcf7_container_post\" value=\"0\" \/>\n<input type=\"hidden\" name=\"_wpcf7_posted_data_hash\" value=\"\" \/>\n<input type=\"hidden\" name=\"_wpcf7_recaptcha_response\" value=\"\" \/>\n<\/div>\n<p><label><br \/>\n<span class=\"wpcf7-form-control-wrap\" data-name=\"your-name\"><input size=\"40\" maxlength=\"400\" class=\"wpcf7-form-control wpcf7-text wpcf7-validates-as-required\" autocomplete=\"name\" aria-required=\"true\" aria-invalid=\"false\" placeholder=\"Votre nom\" value=\"\" type=\"text\" name=\"your-name\" \/><\/span> <\/label>\n<\/p>\n<p><label><br \/>\n<span class=\"wpcf7-form-control-wrap\" data-name=\"your-email\"><input size=\"40\" maxlength=\"400\" class=\"wpcf7-form-control wpcf7-email wpcf7-validates-as-required wpcf7-text wpcf7-validates-as-email\" autocomplete=\"email\" aria-required=\"true\" aria-invalid=\"false\" placeholder=\"Votre e-mail\" value=\"\" type=\"email\" name=\"your-email\" \/><\/span> <\/label>\n<\/p>\n<p><label><br \/>\n<span class=\"wpcf7-form-control-wrap\" data-name=\"tel-143\"><input size=\"40\" maxlength=\"400\" class=\"wpcf7-form-control wpcf7-tel wpcf7-validates-as-required wpcf7-text wpcf7-validates-as-tel\" aria-required=\"true\" aria-invalid=\"false\" placeholder=\"Votre num\u00e9ro de t\u00e9l\u00e9phone\" value=\"\" type=\"tel\" name=\"tel-143\" \/><\/span> <\/label>\n<\/p>\n<p><label><br \/>\n<span class=\"wpcf7-form-control-wrap\" data-name=\"your-subject\"><input size=\"40\" maxlength=\"400\" class=\"wpcf7-form-control wpcf7-text wpcf7-validates-as-required\" aria-required=\"true\" aria-invalid=\"false\" placeholder=\"Objet\" value=\"\" type=\"text\" name=\"your-subject\" \/><\/span> <\/label>\n<\/p>\n<p><label><br \/>\n<span class=\"wpcf7-form-control-wrap\" data-name=\"your-message\"><textarea cols=\"40\" rows=\"10\" maxlength=\"2000\" class=\"wpcf7-form-control wpcf7-textarea wpcf7-validates-as-required\" aria-required=\"true\" aria-invalid=\"false\" placeholder=\"Votre message\" name=\"your-message\"><\/textarea><\/span> <\/label>\n<\/p>\n<p><input class=\"wpcf7-form-control wpcf7-submit has-spinner\" type=\"submit\" value=\"Envoyer\" \/>\n<\/p><div class=\"wpcf7-response-output\" aria-hidden=\"true\"><\/div>\n<\/form>\n<\/div>\n[vc_empty_space][\/vc_column][\/vc_row]<\/p>\n","protected":false},"excerpt":{"rendered":"<p>[vc_row content_width=\u00a0\u00bbgrid\u00a0\u00bb css=\u00a0\u00bb.vc_custom_1742938928175{border-bottom-width: 32px !important;padding-top: 100px !important;padding-right: 67px !important;padding-left: 67px !important;}\u00a0\u00bb][vc_column][vc_column_text] Parlons de votre \u00e9v\u00e9nement ! Que ce soit pour une organisation compl\u00e8te, une coordination le jour J ou simplement une d\u00e9coration, fa\u00eetes-moi part de vos r\u00eaves, je les r\u00e9aliserai. [\/vc_column_text][\/vc_column][\/vc_row][vc_row content_width=\u00a0\u00bbgrid\u00a0\u00bb content_aligment=\u00a0\u00bbcenter\u00a0\u00bb css=\u00a0\u00bb.vc_custom_1575886146117{padding-top: 64px !important;padding-bottom: 70px !important;}\u00a0\u00bb][vc_column width=\u00a0\u00bb1\/2&Prime;][vc_column_text] Mille et un r\u00eaves [\/vc_column_text][vc_empty_space height=\u00a0\u00bb5px\u00a0\u00bb][vc_column_text]11, rue de Froidefontaine 90600 Grandvillars[\/vc_column_text][vc_empty_space height=\u00a0\u00bb30px\u00a0\u00bb][vc_column_text]06.58.92.07.45[\/vc_column_text][vc_empty_space height=\u00a0\u00bb30px\u00a0\u00bb][vc_column_text]contact@1000et1reves.fr[\/vc_column_text][vc_empty_space height=\u00a0\u00bb30px\u00a0\u00bb][vc_column_text]https:\/\/www.facebook.com\/1000et1reves[\/vc_column_text][\/vc_column][vc_column width=\u00a0\u00bb1\/2&Prime;][vc_empty_space][\/vc_column][\/vc_row]<\/p>\n","protected":false},"author":1,"featured_media":0,"parent":0,"menu_order":0,"comment_status":"closed","ping_status":"closed","template":"full-width.php","meta":{"footnotes":""},"class_list":["post-1295","page","type-page","status-publish","hentry"],"_links":{"self":[{"href":"https:\/\/www.1000et1reves.fr\/index.php?rest_route=\/wp\/v2\/pages\/1295","targetHints":{"allow":["GET"]}}],"collection":[{"href":"https:\/\/www.1000et1reves.fr\/index.php?rest_route=\/wp\/v2\/pages"}],"about":[{"href":"https:\/\/www.1000et1reves.fr\/index.php?rest_route=\/wp\/v2\/types\/page"}],"author":[{"embeddable":true,"href":"https:\/\/www.1000et1reves.fr\/index.php?rest_route=\/wp\/v2\/users\/1"}],"replies":[{"embeddable":true,"href":"https:\/\/www.1000et1reves.fr\/index.php?rest_route=%2Fwp%2Fv2%2Fcomments&post=1295"}],"version-history":[{"count":45,"href":"https:\/\/www.1000et1reves.fr\/index.php?rest_route=\/wp\/v2\/pages\/1295\/revisions"}],"predecessor-version":[{"id":5679,"href":"https:\/\/www.1000et1reves.fr\/index.php?rest_route=\/wp\/v2\/pages\/1295\/revisions\/5679"}],"wp:attachment":[{"href":"https:\/\/www.1000et1reves.fr\/index.php?rest_route=%2Fwp%2Fv2%2Fmedia&parent=1295"}],"curies":[{"name":"wp","href":"https:\/\/api.w.org\/{rel}","templated":true}]}}